{"id":4441,"date":"2023-08-29T23:54:01","date_gmt":"2023-08-30T02:54:01","guid":{"rendered":"https:\/\/bkar.com.br\/index.php\/product\/chicote-para-kombi\/"},"modified":"2023-08-29T23:54:01","modified_gmt":"2023-08-30T02:54:01","slug":"chicote-para-kombi","status":"publish","type":"product","link":"https:\/\/bkar.com.br\/index.php\/product\/chicote-para-kombi\/","title":{"rendered":"CHICOTE PARA KOMBI"},"content":{"rendered":"<p>OBSERVA\u00c7\u00d5ES:<\/p>\n<p>\u00a0<\/p>\n<p>&#8211; N\u00c3O ACOMPANHA Cabo de bateria (temos em outro an\u00fancio)<\/p>\n<p>&#8211; N\u00c3O ACOMPANHA Chicote de igni\u00e7\u00e3o (temos em outro an\u00fancio)<\/p>\n<p>&#8211; N\u00c3O ACOMPANHA Caixa de fusivel (temos em outro an\u00fancio)<\/p>\n<p>&#8211; Enviamos todo o esquema de liga\u00e7\u00e3o el\u00e9trica.<\/p>\n<p>&#8211; Fia\u00e7\u00e3o nova e no padr\u00e3o de f\u00e1brica.<\/p>\n","protected":false},"excerpt":{"rendered":"<p>OBSERVA\u00c7\u00d5ES: \u00a0 &#8211; N\u00c3O ACOMPANHA Cabo de bateria (temos em outro an\u00fancio) &#8211; N\u00c3O ACOMPANHA Chicote de igni\u00e7\u00e3o (temos em outro an\u00fancio) &#8211; N\u00c3O ACOMPANHA Caixa de fusivel (temos em outro an\u00fancio) &#8211; Enviamos todo o esquema de liga\u00e7\u00e3o el\u00e9trica. &#8211; Fia\u00e7\u00e3o nova e no padr\u00e3o de f\u00e1brica.<\/p>\n","protected":false},"featured_media":0,"comment_status":"open","ping_status":"open","template":"","meta":{"_monsterinsights_skip_tracking":false,"_monsterinsights_sitenote_active":false,"_monsterinsights_sitenote_note":"","_monsterinsights_sitenote_category":0},"product_cat":[],"product_tag":[],"vehicles":[],"yoast_head":"<!-- This site is optimized with the Yoast SEO plugin v21.0 - https:\/\/yoast.com\/wordpress\/plugins\/seo\/ -->\n<title>CHICOTE PARA KOMBI - BKParts<\/title>\n<meta name=\"robots\" content=\"index, follow, max-snippet:-1, max-image-preview:large, max-video-preview:-1\" \/>\n<link rel=\"canonical\" href=\"https:\/\/bkar.com.br\/index.php\/product\/chicote-para-kombi\/\" \/>\n<meta property=\"og:locale\" content=\"en_US\" \/>\n<meta property=\"og:type\" content=\"article\" \/>\n<meta property=\"og:title\" content=\"CHICOTE PARA KOMBI - BKParts\" \/>\n<meta property=\"og:description\" content=\"OBSERVA\u00c7\u00d5ES: \u00a0 &#8211; N\u00c3O ACOMPANHA Cabo de bateria (temos em outro an\u00fancio) &#8211; N\u00c3O ACOMPANHA Chicote de igni\u00e7\u00e3o (temos em outro an\u00fancio) &#8211; N\u00c3O ACOMPANHA Caixa de fusivel (temos em outro an\u00fancio) &#8211; Enviamos todo o esquema de liga\u00e7\u00e3o el\u00e9trica. &#8211; Fia\u00e7\u00e3o nova e no padr\u00e3o de f\u00e1brica.\" \/>\n<meta property=\"og:url\" content=\"https:\/\/bkar.com.br\/index.php\/product\/chicote-para-kombi\/\" \/>\n<meta property=\"og:site_name\" content=\"BKParts\" \/>\n<meta name=\"twitter:card\" content=\"summary_large_image\" \/>\n<script type=\"application\/ld+json\" class=\"yoast-schema-graph\">{\"@context\":\"https:\/\/schema.org\",\"@graph\":[{\"@type\":\"WebPage\",\"@id\":\"https:\/\/bkar.com.br\/index.php\/product\/chicote-para-kombi\/\",\"url\":\"https:\/\/bkar.com.br\/index.php\/product\/chicote-para-kombi\/\",\"name\":\"CHICOTE PARA KOMBI - BKParts\",\"isPartOf\":{\"@id\":\"https:\/\/bkar.com.br\/#website\"},\"datePublished\":\"2023-08-30T02:54:01+00:00\",\"dateModified\":\"2023-08-30T02:54:01+00:00\",\"breadcrumb\":{\"@id\":\"https:\/\/bkar.com.br\/index.php\/product\/chicote-para-kombi\/#breadcrumb\"},\"inLanguage\":\"en-US\",\"potentialAction\":[{\"@type\":\"ReadAction\",\"target\":[\"https:\/\/bkar.com.br\/index.php\/product\/chicote-para-kombi\/\"]}]},{\"@type\":\"BreadcrumbList\",\"@id\":\"https:\/\/bkar.com.br\/index.php\/product\/chicote-para-kombi\/#breadcrumb\",\"itemListElement\":[{\"@type\":\"ListItem\",\"position\":1,\"name\":\"Home\",\"item\":\"https:\/\/bkar.com.br\/\"},{\"@type\":\"ListItem\",\"position\":2,\"name\":\"Shop\",\"item\":\"https:\/\/bkar.com.br\/index.php\/shop-2\/\"},{\"@type\":\"ListItem\",\"position\":3,\"name\":\"CHICOTE PARA KOMBI\"}]},{\"@type\":\"WebSite\",\"@id\":\"https:\/\/bkar.com.br\/#website\",\"url\":\"https:\/\/bkar.com.br\/\",\"name\":\"BKParts\",\"description\":\"\",\"publisher\":{\"@id\":\"https:\/\/bkar.com.br\/#organization\"},\"potentialAction\":[{\"@type\":\"SearchAction\",\"target\":{\"@type\":\"EntryPoint\",\"urlTemplate\":\"https:\/\/bkar.com.br\/?s={search_term_string}\"},\"query-input\":\"required name=search_term_string\"}],\"inLanguage\":\"en-US\"},{\"@type\":\"Organization\",\"@id\":\"https:\/\/bkar.com.br\/#organization\",\"name\":\"BKParts\",\"url\":\"https:\/\/bkar.com.br\/\",\"logo\":{\"@type\":\"ImageObject\",\"inLanguage\":\"en-US\",\"@id\":\"https:\/\/bkar.com.br\/#\/schema\/logo\/image\/\",\"url\":\"https:\/\/bkar.com.br\/wp-content\/uploads\/2018\/05\/Logotype_big.png\",\"contentUrl\":\"https:\/\/bkar.com.br\/wp-content\/uploads\/2018\/05\/Logotype_big.png\",\"width\":390,\"height\":61,\"caption\":\"BKParts\"},\"image\":{\"@id\":\"https:\/\/bkar.com.br\/#\/schema\/logo\/image\/\"}}]}<\/script>\n<!-- \/ Yoast SEO plugin. -->","yoast_head_json":{"title":"CHICOTE PARA KOMBI - BKParts","robots":{"index":"index","follow":"follow","max-snippet":"max-snippet:-1","max-image-preview":"max-image-preview:large","max-video-preview":"max-video-preview:-1"},"canonical":"https:\/\/bkar.com.br\/index.php\/product\/chicote-para-kombi\/","og_locale":"en_US","og_type":"article","og_title":"CHICOTE PARA KOMBI - BKParts","og_description":"OBSERVA\u00c7\u00d5ES: \u00a0 &#8211; N\u00c3O ACOMPANHA Cabo de bateria (temos em outro an\u00fancio) &#8211; N\u00c3O ACOMPANHA Chicote de igni\u00e7\u00e3o (temos em outro an\u00fancio) &#8211; N\u00c3O ACOMPANHA Caixa de fusivel (temos em outro an\u00fancio) &#8211; Enviamos todo o esquema de liga\u00e7\u00e3o el\u00e9trica. &#8211; Fia\u00e7\u00e3o nova e no padr\u00e3o de f\u00e1brica.","og_url":"https:\/\/bkar.com.br\/index.php\/product\/chicote-para-kombi\/","og_site_name":"BKParts","twitter_card":"summary_large_image","schema":{"@context":"https:\/\/schema.org","@graph":[{"@type":"WebPage","@id":"https:\/\/bkar.com.br\/index.php\/product\/chicote-para-kombi\/","url":"https:\/\/bkar.com.br\/index.php\/product\/chicote-para-kombi\/","name":"CHICOTE PARA KOMBI - BKParts","isPartOf":{"@id":"https:\/\/bkar.com.br\/#website"},"datePublished":"2023-08-30T02:54:01+00:00","dateModified":"2023-08-30T02:54:01+00:00","breadcrumb":{"@id":"https:\/\/bkar.com.br\/index.php\/product\/chicote-para-kombi\/#breadcrumb"},"inLanguage":"en-US","potentialAction":[{"@type":"ReadAction","target":["https:\/\/bkar.com.br\/index.php\/product\/chicote-para-kombi\/"]}]},{"@type":"BreadcrumbList","@id":"https:\/\/bkar.com.br\/index.php\/product\/chicote-para-kombi\/#breadcrumb","itemListElement":[{"@type":"ListItem","position":1,"name":"Home","item":"https:\/\/bkar.com.br\/"},{"@type":"ListItem","position":2,"name":"Shop","item":"https:\/\/bkar.com.br\/index.php\/shop-2\/"},{"@type":"ListItem","position":3,"name":"CHICOTE PARA KOMBI"}]},{"@type":"WebSite","@id":"https:\/\/bkar.com.br\/#website","url":"https:\/\/bkar.com.br\/","name":"BKParts","description":"","publisher":{"@id":"https:\/\/bkar.com.br\/#organization"},"potentialAction":[{"@type":"SearchAction","target":{"@type":"EntryPoint","urlTemplate":"https:\/\/bkar.com.br\/?s={search_term_string}"},"query-input":"required name=search_term_string"}],"inLanguage":"en-US"},{"@type":"Organization","@id":"https:\/\/bkar.com.br\/#organization","name":"BKParts","url":"https:\/\/bkar.com.br\/","logo":{"@type":"ImageObject","inLanguage":"en-US","@id":"https:\/\/bkar.com.br\/#\/schema\/logo\/image\/","url":"https:\/\/bkar.com.br\/wp-content\/uploads\/2018\/05\/Logotype_big.png","contentUrl":"https:\/\/bkar.com.br\/wp-content\/uploads\/2018\/05\/Logotype_big.png","width":390,"height":61,"caption":"BKParts"},"image":{"@id":"https:\/\/bkar.com.br\/#\/schema\/logo\/image\/"}}]}},"_links":{"self":[{"href":"https:\/\/bkar.com.br\/index.php\/wp-json\/wp\/v2\/product\/4441"}],"collection":[{"href":"https:\/\/bkar.com.br\/index.php\/wp-json\/wp\/v2\/product"}],"about":[{"href":"https:\/\/bkar.com.br\/index.php\/wp-json\/wp\/v2\/types\/product"}],"replies":[{"embeddable":true,"href":"https:\/\/bkar.com.br\/index.php\/wp-json\/wp\/v2\/comments?post=4441"}],"wp:attachment":[{"href":"https:\/\/bkar.com.br\/index.php\/wp-json\/wp\/v2\/media?parent=4441"}],"wp:term":[{"taxonomy":"product_cat","embeddable":true,"href":"https:\/\/bkar.com.br\/index.php\/wp-json\/wp\/v2\/product_cat?post=4441"},{"taxonomy":"product_tag","embeddable":true,"href":"https:\/\/bkar.com.br\/index.php\/wp-json\/wp\/v2\/product_tag?post=4441"},{"taxonomy":"vehicles","embeddable":true,"href":"https:\/\/bkar.com.br\/index.php\/wp-json\/wp\/v2\/vehicles?post=4441"}],"curies":[{"name":"wp","href":"https:\/\/api.w.org\/{rel}","templated":true}]}}